{"id":2963,"date":"2022-03-30T19:18:16","date_gmt":"2022-03-30T19:18:16","guid":{"rendered":"https:\/\/thomas-serdjebi.students-laplateforme.io\/CMS\/?post_type=product&#038;p=2963"},"modified":"2022-04-06T12:39:51","modified_gmt":"2022-04-06T12:39:51","slug":"fossil-generation-5e","status":"publish","type":"product","link":"https:\/\/thomas-serdjebi.students-laplateforme.io\/CMS\/?product=fossil-generation-5e","title":{"rendered":"FOSSIL GENERATION 5E"},"content":{"rendered":"","protected":false},"excerpt":{"rendered":"<p>Montre connect\u00e9e 5\u00e8me G\u00e9n\u00e9ration E, homme, compos\u00e9e d&rsquo;un boitier en acier noir de 44mm, d&rsquo;un cadran digital noir lunette noire sur bracelet en silicone noir<\/p>\n","protected":false},"featured_media":2964,"comment_status":"open","ping_status":"closed","template":"","meta":{"site-sidebar-layout":"default","site-content-layout":"default","ast-main-header-display":"","ast-hfb-above-header-display":"","ast-hfb-below-header-display":"","ast-hfb-mobile-header-display":"","site-post-title":"","ast-breadcrumbs-content":"","ast-featured-img":"","footer-sml-layout":"","theme-transparent-header-meta":"default","adv-header-id-meta":"","stick-header-meta":"","header-above-stick-meta":"","header-main-stick-meta":"","header-below-stick-meta":"","spay_email":""},"product_cat":[59],"product_tag":[],"_links":{"self":[{"href":"https:\/\/thomas-serdjebi.students-laplateforme.io\/CMS\/index.php?rest_route=\/wp\/v2\/product\/2963"}],"collection":[{"href":"https:\/\/thomas-serdjebi.students-laplateforme.io\/CMS\/index.php?rest_route=\/wp\/v2\/product"}],"about":[{"href":"https:\/\/thomas-serdjebi.students-laplateforme.io\/CMS\/index.php?rest_route=\/wp\/v2\/types\/product"}],"replies":[{"embeddable":true,"href":"https:\/\/thomas-serdjebi.students-laplateforme.io\/CMS\/index.php?rest_route=%2Fwp%2Fv2%2Fcomments&post=2963"}],"wp:featuredmedia":[{"embeddable":true,"href":"https:\/\/thomas-serdjebi.students-laplateforme.io\/CMS\/index.php?rest_route=\/wp\/v2\/media\/2964"}],"wp:attachment":[{"href":"https:\/\/thomas-serdjebi.students-laplateforme.io\/CMS\/index.php?rest_route=%2Fwp%2Fv2%2Fmedia&parent=2963"}],"wp:term":[{"taxonomy":"product_cat","embeddable":true,"href":"https:\/\/thomas-serdjebi.students-laplateforme.io\/CMS\/index.php?rest_route=%2Fwp%2Fv2%2Fproduct_cat&post=2963"},{"taxonomy":"product_tag","embeddable":true,"href":"https:\/\/thomas-serdjebi.students-laplateforme.io\/CMS\/index.php?rest_route=%2Fwp%2Fv2%2Fproduct_tag&post=2963"}],"curies":[{"name":"wp","href":"https:\/\/api.w.org\/{rel}","templated":true}]}}