{"id":2958,"date":"2022-03-30T19:11:16","date_gmt":"2022-03-30T19:11:16","guid":{"rendered":"https:\/\/thomas-serdjebi.students-laplateforme.io\/CMS\/?post_type=product&#038;p=2958"},"modified":"2022-03-30T19:48:53","modified_gmt":"2022-03-30T19:48:53","slug":"garmin-venu","status":"publish","type":"product","link":"https:\/\/thomas-serdjebi.students-laplateforme.io\/CMS\/?product=garmin-venu","title":{"rendered":"GARMIN VENU"},"content":{"rendered":"","protected":false},"excerpt":{"rendered":"<div class=\"description\">\n<div class=\"std\">Montre connect\u00e9e Garmin, Collection Venu Sq, boitier de forme carr\u00e9e (40,6&#215;37,0mm) en r\u00e9sine grise sur bracelet silicone gris boucle ardillon. Ecran LCD &#8211; Multisports GPS int\u00e9gr\u00e9.<\/div>\n<\/div>\n<div class=\"specifications\"><\/div>\n","protected":false},"featured_media":2959,"comment_status":"open","ping_status":"closed","template":"","meta":{"site-sidebar-layout":"default","site-content-layout":"default","ast-main-header-display":"","ast-hfb-above-header-display":"","ast-hfb-below-header-display":"","ast-hfb-mobile-header-display":"","site-post-title":"","ast-breadcrumbs-content":"","ast-featured-img":"","footer-sml-layout":"","theme-transparent-header-meta":"default","adv-header-id-meta":"","stick-header-meta":"","header-above-stick-meta":"","header-main-stick-meta":"","header-below-stick-meta":"","spay_email":""},"product_cat":[59],"product_tag":[],"_links":{"self":[{"href":"https:\/\/thomas-serdjebi.students-laplateforme.io\/CMS\/index.php?rest_route=\/wp\/v2\/product\/2958"}],"collection":[{"href":"https:\/\/thomas-serdjebi.students-laplateforme.io\/CMS\/index.php?rest_route=\/wp\/v2\/product"}],"about":[{"href":"https:\/\/thomas-serdjebi.students-laplateforme.io\/CMS\/index.php?rest_route=\/wp\/v2\/types\/product"}],"replies":[{"embeddable":true,"href":"https:\/\/thomas-serdjebi.students-laplateforme.io\/CMS\/index.php?rest_route=%2Fwp%2Fv2%2Fcomments&post=2958"}],"wp:featuredmedia":[{"embeddable":true,"href":"https:\/\/thomas-serdjebi.students-laplateforme.io\/CMS\/index.php?rest_route=\/wp\/v2\/media\/2959"}],"wp:attachment":[{"href":"https:\/\/thomas-serdjebi.students-laplateforme.io\/CMS\/index.php?rest_route=%2Fwp%2Fv2%2Fmedia&parent=2958"}],"wp:term":[{"taxonomy":"product_cat","embeddable":true,"href":"https:\/\/thomas-serdjebi.students-laplateforme.io\/CMS\/index.php?rest_route=%2Fwp%2Fv2%2Fproduct_cat&post=2958"},{"taxonomy":"product_tag","embeddable":true,"href":"https:\/\/thomas-serdjebi.students-laplateforme.io\/CMS\/index.php?rest_route=%2Fwp%2Fv2%2Fproduct_tag&post=2958"}],"curies":[{"name":"wp","href":"https:\/\/api.w.org\/{rel}","templated":true}]}}